{"id":3919,"date":"2023-03-21T13:20:15","date_gmt":"2023-03-21T13:20:15","guid":{"rendered":"https:\/\/www.escale-location-voiture.com\/?page_id=3919"},"modified":"2024-01-28T15:00:33","modified_gmt":"2024-01-28T15:00:33","slug":"mentions-legales-2","status":"publish","type":"page","link":"https:\/\/www.escale-location-voiture.com\/en\/mentions-legales-2\/","title":{"rendered":"Legal Notice"},"content":{"rendered":"<div data-elementor-type=\"wp-page\" data-elementor-id=\"3919\" class=\"elementor elementor-3919\" data-elementor-post-type=\"page\">\n\t\t\t\t\t\t<div class=\"elementor-inner\">\n\t\t\t\t<div class=\"elementor-section-wrap\">\n\t\t\t\t\t\t\t\t\t<section class=\"elementor-section elementor-top-section elementor-element elementor-element-6db098f elementor-section-content-middle elementor-section-boxed elementor-section-height-default elementor-section-height-default\" data-id=\"6db098f\" data-element_type=\"section\">\n\t\t\t\t\t\t<div class=\"elementor-container elementor-column-gap-default\">\n\t\t\t\t\t\t\t<div class=\"elementor-row\">\n\t\t\t\t\t<div class=\"elementor-column elementor-col-100 elementor-top-column elementor-element elementor-element-db1ddbc\" data-id=\"db1ddbc\" data-element_type=\"column\">\n\t\t\t<div class=\"elementor-column-wrap elementor-element-populated\">\n\t\t\t\t\t\t\t<div class=\"elementor-widget-wrap\">\n\t\t\t\t\t\t<div class=\"elementor-element elementor-element-b70c866 elementor-widget-mobile__width-auto e-transform e-transform elementor-widget elementor-widget-text-editor\" data-id=\"b70c866\" data-element_type=\"widget\" data-settings=\"{&quot;_transform_scale_effect_mobile&quot;:{&quot;unit&quot;:&quot;px&quot;,&quot;size&quot;:1,&quot;sizes&quot;:[]},&quot;_transform_translateX_effect&quot;:{&quot;unit&quot;:&quot;px&quot;,&quot;size&quot;:&quot;&quot;,&quot;sizes&quot;:[]},&quot;_transform_translateX_effect_tablet&quot;:{&quot;unit&quot;:&quot;px&quot;,&quot;size&quot;:&quot;&quot;,&quot;sizes&quot;:[]},&quot;_transform_translateX_effect_mobile&quot;:{&quot;unit&quot;:&quot;px&quot;,&quot;size&quot;:&quot;&quot;,&quot;sizes&quot;:[]},&quot;_transform_translateY_effect&quot;:{&quot;unit&quot;:&quot;px&quot;,&quot;size&quot;:&quot;&quot;,&quot;sizes&quot;:[]},&quot;_transform_translateY_effect_tablet&quot;:{&quot;unit&quot;:&quot;px&quot;,&quot;size&quot;:&quot;&quot;,&quot;sizes&quot;:[]},&quot;_transform_translateY_effect_mobile&quot;:{&quot;unit&quot;:&quot;px&quot;,&quot;size&quot;:&quot;&quot;,&quot;sizes&quot;:[]},&quot;_transform_scale_effect&quot;:{&quot;unit&quot;:&quot;px&quot;,&quot;size&quot;:&quot;&quot;,&quot;sizes&quot;:[]},&quot;_transform_scale_effect_tablet&quot;:{&quot;unit&quot;:&quot;px&quot;,&quot;size&quot;:&quot;&quot;,&quot;sizes&quot;:[]}}\" data-widget_type=\"text-editor.default\">\n\t\t\t\t<div class=\"elementor-widget-container\">\n\t\t\t<style>\/*! elementor - v3.18.0 - 20-12-2023 *\/\n.elementor-widget-text-editor.elementor-drop-cap-view-stacked .elementor-drop-cap{background-color:#69727d;color:#fff}.elementor-widget-text-editor.elementor-drop-cap-view-framed .elementor-drop-cap{color:#69727d;border:3px solid;background-color:transparent}.elementor-widget-text-editor:not(.elementor-drop-cap-view-default) .elementor-drop-cap{margin-top:8px}.elementor-widget-text-editor:not(.elementor-drop-cap-view-default) .elementor-drop-cap-letter{width:1em;height:1em}.elementor-widget-text-editor .elementor-drop-cap{float:left;text-align:center;line-height:1;font-size:50px}.elementor-widget-text-editor .elementor-drop-cap-letter{display:inline-block}<\/style>\t\t\t\t\t<div class=\"elementor-text-editor elementor-clearfix\">\n\t\t\t\t<div style=\"color: #212529;\"><div style=\"width: 1140px;\"><h2 style=\"font-size: 2rem; font-family: Montserrat, 'Helvetica Neue', Helvetica, Arial, sans-serif; opacity: 1; transition-property: opacity, transform; transition-duration: 0.4s; transition-timing-function: ease; transform: translate(0px);\" data-aos=\"fade\" data-aos-once=\"true\">Book a car<\/h2><\/div><\/div><div style=\"color: #212529; font-family: Montserrat, 'Helvetica Neue', Helvetica, Arial, sans-serif;\"><div style=\"width: 1140px;\"><ul style=\"margin-bottom: 1rem; margin-top: 0px; transform: translate(0px); opacity: 1; transition-property: opacity, transform; transition-duration: 0.4s; transition-timing-function: ease;\" data-aos=\"fade-right\" data-aos-once=\"true\"><li>directly on\u00a0<a href=\"https:\/\/www.escale-location-voiture.com\/en\/nos-voitures-escale-location-voiture-saint-martin\/\">our site<\/a><\/li><li>By <a href=\"https:\/\/www.escale-location-voiture.com\/en\/contact-escale-location-voiture-saint-martin\/\">Form<\/a><\/li><li>By Mobile phone at 06 90 64 80 75<\/li><li>A credit card reference will be required to guarantee your booking.<\/li><\/ul><\/div><div style=\"width: 1140px;\"><h2 style=\"font-size: 2rem; font-family: Montserrat, 'Helvetica Neue', Helvetica, Arial, sans-serif; opacity: 1; transition-property: opacity, transform; transition-duration: 0.4s; transition-timing-function: ease; transform: translate(0px);\" data-aos=\"fade\" data-aos-once=\"true\">Contact and payment<\/h2><ul style=\"margin-bottom: 1rem; margin-top: 0px; transform: translate(0px); opacity: 1; transition-property: opacity, transform; transition-duration: 0.4s; transition-timing-function: ease;\" data-aos=\"fade-right\" data-aos-once=\"true\"><li>Payment can be made at reservation time or before your arrival.<\/li><li>Either by bank credit card Visa or Mastercard (we have a bank approval of distance sale).<\/li><li>On the spot at your arrival and before taking charge of the vehicle, only by bank card or by cash. (Cards accepted: Visa, Mastercard ).<\/li><li>No payment by cheque is accepted as an accidental damage excess guarantee. (See conditions)<\/li><\/ul><ul style=\"margin-bottom: 1rem; margin-top: 0px; transform: translate(0px); opacity: 1; transition-property: opacity, transform; transition-duration: 0.4s; transition-timing-function: ease;\" data-aos=\"fade-right\" data-aos-once=\"true\"><li>The rental contract is made at the delivery of the vehicle.<\/li><li>A credit card is required to make a reservation.<\/li><li>The hirer named in the rental contract must be able to prove, if necessary and in particular at the request of the lessor or his representative, his personal details (passport, identity card or any other document attesting to the authenticity of his personal details).<\/li><li>It is possible to have 2 additional drivers for a fee of 20 \u20ac per additional driver and for the entire rental period.<\/li><li>Driving licenses are required for all vehicle rentals.<\/li><li>For all those who are not citizens of the European Union, an International Driving Permit is strongly recommended to facilitate translation and must be accompanied by the National Driving Permit.<\/li><li>Le conducteur doit avoir au minimum 20 ans et 2 ans de permis.<\/li><\/ul><ul style=\"margin-bottom: 1rem; margin-top: 0px; transform: translate(0px); opacity: 1; transition-property: opacity, transform; transition-duration: 0.4s; transition-timing-function: ease;\" data-aos=\"fade-right\" data-aos-once=\"true\"><li>The reference of a credit card is mandatory for the guarantee of deductible related to the rental of the vehicle, obligatory taxes additional options or any other expenses not settled at the time of the reservation or remaining to be settled after report of return of the vehicle.<\/li><li>An insurance is included at the beginning of the hiring, including a variable frankness according to the category of rented vehicles, this last remaining with the load of the tenant in the event of disaster undergone on the rented vehicle (Accident with a third not identified or not ensured, damage of the vehicle without immediately solvent third, flight and fire).<br \/>That is, 1300 \u20ac for categories A-B-C, and 1500 \u20ac for category D-E-F.<br \/>A deductible reduction can be applied for an additional fee of \u20ac8 per day of rental, reducing the deductible to \u20ac800 for categories A-B and \u20ac15 for categories C-D-E.<\/li><li>Les cartes bancaires haut de gamme telles que, Visa Premier et Affaires, Gold Mastercard et Affaires, Visa Infinite, Business Card\u00a0 dispensent d\u2019assurance compl\u00e9mentaire et couvrent la franchise dans sa totalit\u00e9 en cas de r\u00e8glement effectu\u00e9 avec l\u2019une de ses cartes et ce obligatoirement au moment la prise en charge du v\u00e9hicule.<br \/>This provision applies only to categories A-B-C, excluding categories D-E-F.<\/li><li>A local tax of 4% will be charged in addition to the rental rate.<\/li><\/ul><\/div><div style=\"width: 1140px;\"><h2 style=\"font-size: 2rem; font-family: Montserrat, 'Helvetica Neue', Helvetica, Arial, sans-serif; opacity: 1; transition-property: opacity, transform; transition-duration: 0.4s; transition-timing-function: ease; transform: translate(0px);\" data-aos=\"fade\" data-aos-once=\"true\">Livraisons - retour - restitutions - \u00e9quipements<\/h2><ul style=\"margin-bottom: 1rem; margin-top: 0px; transform: translate(0px); opacity: 1; transition-property: opacity, transform; transition-duration: 0.4s; transition-timing-function: ease;\" data-aos=\"fade-right\" data-aos-once=\"true\"><li>The vehicles are delivered in perfect working order, clean and with a full tank of fuel.<\/li><li>A report on the general condition of the vehicle, its equipment and accessories is established and notified to the rental contract, at the start of the rental as well as at the return of the vehicle at the end of the rental.<\/li><li>The missing gasoline with the restitution of the vehicle will be invoiced for its complement, remaining with the load of the tenant indicated with the rental agreement.<\/li><li>Baby or child seats, also booster seats, to CE standards are available for 10 \u20ac per rental.<\/li><li>All vehicles are delivered with a spare tire and its mounting tools, or equipped with a \"repair and inflation kit\". If one or all of these items are found to be missing when the vehicle is returned, they will be replaced at the expense of the lessee, who will be charged for the itemized invoice specified in the rental contract.<\/li><li>The same applies to vehicles equipped with \"anti-theft nuts\" whose removal cap is located with the spare wheel and which, in the event of loss, will require the replacement of all the protections fixed to the 4 wheels of the rented vehicle. It will be necessary to proceed to the replacement of this equipment by means of a detailed invoicing paid or deducted at the expense of the tenant designated in the rental contract.<\/li><li>A fixed surcharge of 70 \u20ac will also be applied for vehicles returned particularly dirty inside, (Interior and trunk of the vehicle).<\/li><li>The delivery and the return of the vehicles are free 7 days a week and this until 20 H.<\/li><li>A surcharge of 20 \u20ac will be applied for transfer or long distance travel outside the agency.<\/li><\/ul><\/div><div style=\"width: 1140px;\"><h2 style=\"font-size: 2rem; font-family: Montserrat, 'Helvetica Neue', Helvetica, Arial, sans-serif; opacity: 1; transition-property: opacity, transform; transition-duration: 0.4s; transition-timing-function: ease; transform: translate(0px);\" data-aos=\"fade\" data-aos-once=\"true\">Cancellation<\/h2><ul style=\"margin-bottom: 1rem; margin-top: 0px; transform: translate(0px); opacity: 1; transition-property: opacity, transform; transition-duration: 0.4s; transition-timing-function: ease;\" data-aos=\"fade-right\" data-aos-once=\"true\"><li>In case of cancellation within 72 hours, 1 day's rental will be charged at the normal daily rate for the category of vehicle previously reserved.<\/li><li>Rentals that have started are not reimbursed or discounted in case the designated renter discontinues the contract concluded between him and the SARL ESCALE RENTAL.<\/li><li>For any other information, please contact us at our reservation center at 06.90.64 80 75 or via\u00a0<a href=\"https:\/\/www.escale-location-voiture.com\/en\/contact-escale-location-voiture-saint-martin\/\">notre\u00a0formulaire<\/a><\/li><\/ul><\/div><\/div>\t\t\t\t\t<\/div>\n\t\t\t\t\t\t<\/div>\n\t\t\t\t<\/div>\n\t\t\t\t\t\t<\/div>\n\t\t\t\t\t<\/div>\n\t\t<\/div>\n\t\t\t\t\t\t\t\t<\/div>\n\t\t\t\t\t<\/div>\n\t\t<\/section>\n\t\t\t\t\t\t\t\t\t<\/div>\n\t\t\t<\/div>\n\t\t\t\t\t<\/div>","protected":false},"excerpt":{"rendered":"<p>R\u00e9servation Directement sur\u00a0notre site Par formulaire Par t\u00e9l\u00e9phone mobile au 06 90 64 80 75 Une r\u00e9f\u00e9rence de carte bancaire sera exig\u00e9e pour garantir votre r\u00e9servation. Contact et r\u00e8glement Le r\u00e8glement peut se faire au moment de la r\u00e9servation ou avant votre arriv\u00e9e. Soit par carte bancaire Visa ou Mastercard (Nous disposons d\u2019un agr\u00e9ment bancaire &hellip; <\/p>\n<p class=\"link-more\"><a href=\"https:\/\/www.escale-location-voiture.com\/en\/mentions-legales-2\/\" class=\"more-link\"><span class=\"screen-reader-text\"> prova \"Mentions L\u00e9gales\"<\/span><\/a><\/p>","protected":false},"author":1,"featured_media":0,"parent":0,"menu_order":0,"comment_status":"closed","ping_status":"closed","template":"","meta":{"footnotes":""},"class_list":["post-3919","page","type-page","status-publish","hentry"],"yoast_head":"<!-- This site is optimized with the Yoast SEO plugin v22.6 - https:\/\/yoast.com\/wordpress\/plugins\/seo\/ -->\n<title>Mentions L\u00e9gales - location de voiture \u00e0 Saint Martin<\/title>\n<meta name=\"robots\" content=\"index, follow, max-snippet:-1, max-image-preview:large, max-video-preview:-1\" \/>\n<link rel=\"canonical\" href=\"https:\/\/www.escale-location-voiture.com\/en\/mentions-legales-2\/\" \/>\n<meta property=\"og:locale\" content=\"en_US\" \/>\n<meta property=\"og:type\" content=\"article\" \/>\n<meta property=\"og:title\" content=\"Mentions L\u00e9gales - location de voiture \u00e0 Saint Martin\" \/>\n<meta property=\"og:description\" content=\"R\u00e9servation Directement sur\u00a0notre site Par formulaire Par t\u00e9l\u00e9phone mobile au 06 90 64 80 75 Une r\u00e9f\u00e9rence de carte bancaire sera exig\u00e9e pour garantir votre r\u00e9servation. Contact et r\u00e8glement Le r\u00e8glement peut se faire au moment de la r\u00e9servation ou avant votre arriv\u00e9e. Soit par carte bancaire Visa ou Mastercard (Nous disposons d\u2019un agr\u00e9ment bancaire &hellip; prova &quot;Mentions L\u00e9gales&quot;\" \/>\n<meta property=\"og:url\" content=\"https:\/\/www.escale-location-voiture.com\/en\/mentions-legales-2\/\" \/>\n<meta property=\"og:site_name\" content=\"location de voiture \u00e0 Saint Martin\" \/>\n<meta property=\"article:modified_time\" content=\"2024-01-28T15:00:33+00:00\" \/>\n<meta name=\"twitter:card\" content=\"summary_large_image\" \/>\n<meta name=\"twitter:label1\" content=\"Est. reading time\" \/>\n\t<meta name=\"twitter:data1\" content=\"5 minutes\" \/>\n<script type=\"application\/ld+json\" class=\"yoast-schema-graph\">{\"@context\":\"https:\/\/schema.org\",\"@graph\":[{\"@type\":\"WebPage\",\"@id\":\"https:\/\/www.escale-location-voiture.com\/mentions-legales-2\/\",\"url\":\"https:\/\/www.escale-location-voiture.com\/mentions-legales-2\/\",\"name\":\"Mentions L\u00e9gales - location de voiture \u00e0 Saint Martin\",\"isPartOf\":{\"@id\":\"https:\/\/www.escale-location-voiture.com\/#website\"},\"datePublished\":\"2023-03-21T13:20:15+00:00\",\"dateModified\":\"2024-01-28T15:00:33+00:00\",\"breadcrumb\":{\"@id\":\"https:\/\/www.escale-location-voiture.com\/mentions-legales-2\/#breadcrumb\"},\"inLanguage\":\"en-US\",\"potentialAction\":[{\"@type\":\"ReadAction\",\"target\":[\"https:\/\/www.escale-location-voiture.com\/mentions-legales-2\/\"]}]},{\"@type\":\"BreadcrumbList\",\"@id\":\"https:\/\/www.escale-location-voiture.com\/mentions-legales-2\/#breadcrumb\",\"itemListElement\":[{\"@type\":\"ListItem\",\"position\":1,\"name\":\"Accueil\",\"item\":\"https:\/\/www.escale-location-voiture.com\/\"},{\"@type\":\"ListItem\",\"position\":2,\"name\":\"Mentions L\u00e9gales\"}]},{\"@type\":\"WebSite\",\"@id\":\"https:\/\/www.escale-location-voiture.com\/#website\",\"url\":\"https:\/\/www.escale-location-voiture.com\/\",\"name\":\"location de voiture \u00e0 Saint Martin\",\"description\":\"ESCALE LOCATION\",\"potentialAction\":[{\"@type\":\"SearchAction\",\"target\":{\"@type\":\"EntryPoint\",\"urlTemplate\":\"https:\/\/www.escale-location-voiture.com\/?s={search_term_string}\"},\"query-input\":\"required name=search_term_string\"}],\"inLanguage\":\"en-US\"}]}<\/script>\n<!-- \/ Yoast SEO plugin. -->","yoast_head_json":{"title":"Mentions L\u00e9gales - location de voiture \u00e0 Saint Martin","robots":{"index":"index","follow":"follow","max-snippet":"max-snippet:-1","max-image-preview":"max-image-preview:large","max-video-preview":"max-video-preview:-1"},"canonical":"https:\/\/www.escale-location-voiture.com\/en\/mentions-legales-2\/","og_locale":"en_US","og_type":"article","og_title":"Mentions L\u00e9gales - location de voiture \u00e0 Saint Martin","og_description":"R\u00e9servation Directement sur\u00a0notre site Par formulaire Par t\u00e9l\u00e9phone mobile au 06 90 64 80 75 Une r\u00e9f\u00e9rence de carte bancaire sera exig\u00e9e pour garantir votre r\u00e9servation. Contact et r\u00e8glement Le r\u00e8glement peut se faire au moment de la r\u00e9servation ou avant votre arriv\u00e9e. Soit par carte bancaire Visa ou Mastercard (Nous disposons d\u2019un agr\u00e9ment bancaire &hellip; prova \"Mentions L\u00e9gales\"","og_url":"https:\/\/www.escale-location-voiture.com\/en\/mentions-legales-2\/","og_site_name":"location de voiture \u00e0 Saint Martin","article_modified_time":"2024-01-28T15:00:33+00:00","twitter_card":"summary_large_image","twitter_misc":{"Est. reading time":"5 minutes"},"schema":{"@context":"https:\/\/schema.org","@graph":[{"@type":"WebPage","@id":"https:\/\/www.escale-location-voiture.com\/mentions-legales-2\/","url":"https:\/\/www.escale-location-voiture.com\/mentions-legales-2\/","name":"Mentions L\u00e9gales - location de voiture \u00e0 Saint Martin","isPartOf":{"@id":"https:\/\/www.escale-location-voiture.com\/#website"},"datePublished":"2023-03-21T13:20:15+00:00","dateModified":"2024-01-28T15:00:33+00:00","breadcrumb":{"@id":"https:\/\/www.escale-location-voiture.com\/mentions-legales-2\/#breadcrumb"},"inLanguage":"en-US","potentialAction":[{"@type":"ReadAction","target":["https:\/\/www.escale-location-voiture.com\/mentions-legales-2\/"]}]},{"@type":"BreadcrumbList","@id":"https:\/\/www.escale-location-voiture.com\/mentions-legales-2\/#breadcrumb","itemListElement":[{"@type":"ListItem","position":1,"name":"Accueil","item":"https:\/\/www.escale-location-voiture.com\/"},{"@type":"ListItem","position":2,"name":"Mentions L\u00e9gales"}]},{"@type":"WebSite","@id":"https:\/\/www.escale-location-voiture.com\/#website","url":"https:\/\/www.escale-location-voiture.com\/","name":"location de voiture \u00e0 Saint Martin","description":"ESCALE LOCATION","potentialAction":[{"@type":"SearchAction","target":{"@type":"EntryPoint","urlTemplate":"https:\/\/www.escale-location-voiture.com\/?s={search_term_string}"},"query-input":"required name=search_term_string"}],"inLanguage":"en-US"}]}},"_links":{"self":[{"href":"https:\/\/www.escale-location-voiture.com\/en\/wp-json\/wp\/v2\/pages\/3919","targetHints":{"allow":["GET"]}}],"collection":[{"href":"https:\/\/www.escale-location-voiture.com\/en\/wp-json\/wp\/v2\/pages"}],"about":[{"href":"https:\/\/www.escale-location-voiture.com\/en\/wp-json\/wp\/v2\/types\/page"}],"author":[{"embeddable":true,"href":"https:\/\/www.escale-location-voiture.com\/en\/wp-json\/wp\/v2\/users\/1"}],"replies":[{"embeddable":true,"href":"https:\/\/www.escale-location-voiture.com\/en\/wp-json\/wp\/v2\/comments?post=3919"}],"version-history":[{"count":14,"href":"https:\/\/www.escale-location-voiture.com\/en\/wp-json\/wp\/v2\/pages\/3919\/revisions"}],"predecessor-version":[{"id":4292,"href":"https:\/\/www.escale-location-voiture.com\/en\/wp-json\/wp\/v2\/pages\/3919\/revisions\/4292"}],"wp:attachment":[{"href":"https:\/\/www.escale-location-voiture.com\/en\/wp-json\/wp\/v2\/media?parent=3919"}],"curies":[{"name":"wp","href":"https:\/\/api.w.org\/{rel}","templated":true}]}}