{"id":3138,"date":"2023-02-27T19:30:03","date_gmt":"2023-02-27T19:30:03","guid":{"rendered":"https:\/\/www.escale-location-voiture.com\/about-us\/"},"modified":"2023-03-17T21:12:30","modified_gmt":"2023-03-17T21:12:30","slug":"a-propos-de-nous-escale-location-voiture-saint-martin","status":"publish","type":"page","link":"https:\/\/www.escale-location-voiture.com\/en\/a-propos-de-nous-escale-location-voiture-saint-martin\/","title":{"rendered":"About Us"},"content":{"rendered":"<div class=\"wp-block-image img-thumb\">\n<figure class=\"alignright size-large is-resized\"><img decoding=\"async\" src=\"https:\/\/www.escale-location-voiture.com\/wp-content\/uploads\/2023\/01\/sport-1-1024x1024.png\" alt=\"\" class=\"wp-image-3318\" width=\"477\" height=\"477\" srcset=\"https:\/\/www.escale-location-voiture.com\/wp-content\/uploads\/2023\/01\/sport-1-1024x1024.png 1024w, https:\/\/www.escale-location-voiture.com\/wp-content\/uploads\/2023\/01\/sport-1-300x300.png 300w, https:\/\/www.escale-location-voiture.com\/wp-content\/uploads\/2023\/01\/sport-1-150x150.png 150w, https:\/\/www.escale-location-voiture.com\/wp-content\/uploads\/2023\/01\/sport-1-768x768.png 768w, https:\/\/www.escale-location-voiture.com\/wp-content\/uploads\/2023\/01\/sport-1-600x600.png 600w, https:\/\/www.escale-location-voiture.com\/wp-content\/uploads\/2023\/01\/sport-1-100x100.png 100w, https:\/\/www.escale-location-voiture.com\/wp-content\/uploads\/2023\/01\/sport-1.png 1080w\" sizes=\"(max-width: 477px) 100vw, 477px\" \/><\/figure>\n<\/div>\n\n\n<h2 class=\"text-border-left text-color-inherit wp-block-heading\">Who are we?<\/h2>\n\n\n\n<p><strong>A car rental agency, since 2004, we are delighted to offer you our car rental services on the beautiful island of Sint-Maarten <\/strong><\/p>\n\n\n\n<p><\/p>\n\n\n\n<blockquote class=\"wp-block-quote is-layout-flow wp-block-quote-is-layout-flow\">\n<p>Notre agence de location de voitures \u00e0 Saint Martin propose une vari\u00e9t\u00e9 de v\u00e9hicules de location pour r\u00e9pondre \u00e0 vos besoins.<\/p>\n\n\n\n<p>Nous mettons \u00e0 votre disposition une s\u00e9lection compl\u00e8te et diversifi\u00e9e de v\u00e9hicules pour r\u00e9pondre \u00e0 vos besoins de mobilit\u00e9. Comprend les berlines, les voitures familiales, les v\u00e9hicules \u00e9conomiques, les 4x4 et les minibus jusqu'\u00e0 8 places. <\/p>\n\n\n\n<p>At Escale Location, we want to accompany you in your travels and provide you with a vehicle for all your trips. Find all our services, from one way rental to long term reservation, with all possible and bookable options (GPS, child seats, etc.) Directly on our website.<\/p>\n\n\n\n<p><\/p>\n\n\n\n<p>We also offer flexible rental options, including short-term and long-term rentals, as well as all-inclusive packages for a stress-free experience. We can even deliver your rental car directly to your hotel or to the Sint Maarten airport.<\/p>\n\n\n\n<p>Not only does this make the process easier, but you can pick up your rental near your home or at a location of your choice. All you have to do is provide specific information about the day and time of delivery, and your rental will be ready for you. <\/p>\n<\/blockquote>\n\n\n\n<p><\/p>","protected":false},"excerpt":{"rendered":"<p>Qui sommes-nous? Une agence de location de voitures, depuis 2004, nous sommes ravis de vous proposer nos services de location de voiture sur cette \u00eele magnifique de Saint-Martin Notre agence de location de voitures \u00e0 Saint Martin propose une vari\u00e9t\u00e9 de v\u00e9hicules de location pour r\u00e9pondre \u00e0 vos besoins. Nous mettons \u00e0 votre disposition une &hellip; <\/p>\n<p class=\"link-more\"><a href=\"https:\/\/www.escale-location-voiture.com\/en\/a-propos-de-nous-escale-location-voiture-saint-martin\/\" class=\"more-link\"><span class=\"screen-reader-text\"> prova \"\u00c0 propos\"<\/span><\/a><\/p>","protected":false},"author":1,"featured_media":2278,"parent":0,"menu_order":0,"comment_status":"closed","ping_status":"closed","template":"page-templates\/page-about.php","meta":{"footnotes":""},"class_list":["post-3138","page","type-page","status-publish","has-post-thumbnail","hentry"],"yoast_head":"<!-- This site is optimized with the Yoast SEO plugin v22.6 - https:\/\/yoast.com\/wordpress\/plugins\/seo\/ -->\n<title>\u00c0 propos - location de voiture \u00e0 Saint Martin<\/title>\n<meta name=\"robots\" content=\"index, follow, max-snippet:-1, max-image-preview:large, max-video-preview:-1\" \/>\n<link rel=\"canonical\" href=\"https:\/\/www.escale-location-voiture.com\/en\/a-propos-de-nous-escale-location-voiture-saint-martin\/\" \/>\n<meta property=\"og:locale\" content=\"en_US\" \/>\n<meta property=\"og:type\" content=\"article\" \/>\n<meta property=\"og:title\" content=\"\u00c0 propos - location de voiture \u00e0 Saint Martin\" \/>\n<meta property=\"og:description\" content=\"Qui sommes-nous? Une agence de location de voitures, depuis 2004, nous sommes ravis de vous proposer nos services de location de voiture sur cette \u00eele magnifique de Saint-Martin Notre agence de location de voitures \u00e0 Saint Martin propose une vari\u00e9t\u00e9 de v\u00e9hicules de location pour r\u00e9pondre \u00e0 vos besoins. Nous mettons \u00e0 votre disposition une &hellip; prova &quot;\u00c0 propos&quot;\" \/>\n<meta property=\"og:url\" content=\"https:\/\/www.escale-location-voiture.com\/en\/a-propos-de-nous-escale-location-voiture-saint-martin\/\" \/>\n<meta property=\"og:site_name\" content=\"location de voiture \u00e0 Saint Martin\" \/>\n<meta property=\"article:modified_time\" content=\"2023-03-17T21:12:30+00:00\" \/>\n<meta property=\"og:image\" content=\"https:\/\/www.escale-location-voiture.com\/wp-content\/uploads\/2023\/01\/sport-1.png\" \/>\n\t<meta property=\"og:image:width\" content=\"1080\" \/>\n\t<meta property=\"og:image:height\" content=\"1080\" \/>\n\t<meta property=\"og:image:type\" content=\"image\/png\" \/>\n<meta name=\"twitter:card\" content=\"summary_large_image\" \/>\n<meta name=\"twitter:label1\" content=\"Est. reading time\" \/>\n\t<meta name=\"twitter:data1\" content=\"2 minutes\" \/>\n<script type=\"application\/ld+json\" class=\"yoast-schema-graph\">{\"@context\":\"https:\/\/schema.org\",\"@graph\":[{\"@type\":\"WebPage\",\"@id\":\"https:\/\/www.escale-location-voiture.com\/a-propos-de-nous-escale-location-voiture-saint-martin\/\",\"url\":\"https:\/\/www.escale-location-voiture.com\/a-propos-de-nous-escale-location-voiture-saint-martin\/\",\"name\":\"\u00c0 propos - location de voiture \u00e0 Saint Martin\",\"isPartOf\":{\"@id\":\"https:\/\/www.escale-location-voiture.com\/#website\"},\"primaryImageOfPage\":{\"@id\":\"https:\/\/www.escale-location-voiture.com\/a-propos-de-nous-escale-location-voiture-saint-martin\/#primaryimage\"},\"image\":{\"@id\":\"https:\/\/www.escale-location-voiture.com\/a-propos-de-nous-escale-location-voiture-saint-martin\/#primaryimage\"},\"thumbnailUrl\":\"https:\/\/www.escale-location-voiture.com\/wp-content\/uploads\/2023\/01\/sport-1.png\",\"datePublished\":\"2023-02-27T19:30:03+00:00\",\"dateModified\":\"2023-03-17T21:12:30+00:00\",\"breadcrumb\":{\"@id\":\"https:\/\/www.escale-location-voiture.com\/a-propos-de-nous-escale-location-voiture-saint-martin\/#breadcrumb\"},\"inLanguage\":\"en-US\",\"potentialAction\":[{\"@type\":\"ReadAction\",\"target\":[\"https:\/\/www.escale-location-voiture.com\/a-propos-de-nous-escale-location-voiture-saint-martin\/\"]}]},{\"@type\":\"ImageObject\",\"inLanguage\":\"en-US\",\"@id\":\"https:\/\/www.escale-location-voiture.com\/a-propos-de-nous-escale-location-voiture-saint-martin\/#primaryimage\",\"url\":\"https:\/\/www.escale-location-voiture.com\/wp-content\/uploads\/2023\/01\/sport-1.png\",\"contentUrl\":\"https:\/\/www.escale-location-voiture.com\/wp-content\/uploads\/2023\/01\/sport-1.png\",\"width\":1080,\"height\":1080},{\"@type\":\"BreadcrumbList\",\"@id\":\"https:\/\/www.escale-location-voiture.com\/a-propos-de-nous-escale-location-voiture-saint-martin\/#breadcrumb\",\"itemListElement\":[{\"@type\":\"ListItem\",\"position\":1,\"name\":\"Accueil\",\"item\":\"https:\/\/www.escale-location-voiture.com\/\"},{\"@type\":\"ListItem\",\"position\":2,\"name\":\"\u00c0 propos\"}]},{\"@type\":\"WebSite\",\"@id\":\"https:\/\/www.escale-location-voiture.com\/#website\",\"url\":\"https:\/\/www.escale-location-voiture.com\/\",\"name\":\"location de voiture \u00e0 Saint Martin\",\"description\":\"ESCALE LOCATION\",\"potentialAction\":[{\"@type\":\"SearchAction\",\"target\":{\"@type\":\"EntryPoint\",\"urlTemplate\":\"https:\/\/www.escale-location-voiture.com\/?s={search_term_string}\"},\"query-input\":\"required name=search_term_string\"}],\"inLanguage\":\"en-US\"}]}<\/script>\n<!-- \/ Yoast SEO plugin. -->","yoast_head_json":{"title":"\u00c0 propos - location de voiture \u00e0 Saint Martin","robots":{"index":"index","follow":"follow","max-snippet":"max-snippet:-1","max-image-preview":"max-image-preview:large","max-video-preview":"max-video-preview:-1"},"canonical":"https:\/\/www.escale-location-voiture.com\/en\/a-propos-de-nous-escale-location-voiture-saint-martin\/","og_locale":"en_US","og_type":"article","og_title":"\u00c0 propos - location de voiture \u00e0 Saint Martin","og_description":"Qui sommes-nous? Une agence de location de voitures, depuis 2004, nous sommes ravis de vous proposer nos services de location de voiture sur cette \u00eele magnifique de Saint-Martin Notre agence de location de voitures \u00e0 Saint Martin propose une vari\u00e9t\u00e9 de v\u00e9hicules de location pour r\u00e9pondre \u00e0 vos besoins. Nous mettons \u00e0 votre disposition une &hellip; prova \"\u00c0 propos\"","og_url":"https:\/\/www.escale-location-voiture.com\/en\/a-propos-de-nous-escale-location-voiture-saint-martin\/","og_site_name":"location de voiture \u00e0 Saint Martin","article_modified_time":"2023-03-17T21:12:30+00:00","og_image":[{"width":1080,"height":1080,"url":"https:\/\/www.escale-location-voiture.com\/wp-content\/uploads\/2023\/01\/sport-1.png","type":"image\/png"}],"twitter_card":"summary_large_image","twitter_misc":{"Est. reading time":"2 minutes"},"schema":{"@context":"https:\/\/schema.org","@graph":[{"@type":"WebPage","@id":"https:\/\/www.escale-location-voiture.com\/a-propos-de-nous-escale-location-voiture-saint-martin\/","url":"https:\/\/www.escale-location-voiture.com\/a-propos-de-nous-escale-location-voiture-saint-martin\/","name":"\u00c0 propos - location de voiture \u00e0 Saint Martin","isPartOf":{"@id":"https:\/\/www.escale-location-voiture.com\/#website"},"primaryImageOfPage":{"@id":"https:\/\/www.escale-location-voiture.com\/a-propos-de-nous-escale-location-voiture-saint-martin\/#primaryimage"},"image":{"@id":"https:\/\/www.escale-location-voiture.com\/a-propos-de-nous-escale-location-voiture-saint-martin\/#primaryimage"},"thumbnailUrl":"https:\/\/www.escale-location-voiture.com\/wp-content\/uploads\/2023\/01\/sport-1.png","datePublished":"2023-02-27T19:30:03+00:00","dateModified":"2023-03-17T21:12:30+00:00","breadcrumb":{"@id":"https:\/\/www.escale-location-voiture.com\/a-propos-de-nous-escale-location-voiture-saint-martin\/#breadcrumb"},"inLanguage":"en-US","potentialAction":[{"@type":"ReadAction","target":["https:\/\/www.escale-location-voiture.com\/a-propos-de-nous-escale-location-voiture-saint-martin\/"]}]},{"@type":"ImageObject","inLanguage":"en-US","@id":"https:\/\/www.escale-location-voiture.com\/a-propos-de-nous-escale-location-voiture-saint-martin\/#primaryimage","url":"https:\/\/www.escale-location-voiture.com\/wp-content\/uploads\/2023\/01\/sport-1.png","contentUrl":"https:\/\/www.escale-location-voiture.com\/wp-content\/uploads\/2023\/01\/sport-1.png","width":1080,"height":1080},{"@type":"BreadcrumbList","@id":"https:\/\/www.escale-location-voiture.com\/a-propos-de-nous-escale-location-voiture-saint-martin\/#breadcrumb","itemListElement":[{"@type":"ListItem","position":1,"name":"Accueil","item":"https:\/\/www.escale-location-voiture.com\/"},{"@type":"ListItem","position":2,"name":"\u00c0 propos"}]},{"@type":"WebSite","@id":"https:\/\/www.escale-location-voiture.com\/#website","url":"https:\/\/www.escale-location-voiture.com\/","name":"location de voiture \u00e0 Saint Martin","description":"ESCALE LOCATION","potentialAction":[{"@type":"SearchAction","target":{"@type":"EntryPoint","urlTemplate":"https:\/\/www.escale-location-voiture.com\/?s={search_term_string}"},"query-input":"required name=search_term_string"}],"inLanguage":"en-US"}]}},"_links":{"self":[{"href":"https:\/\/www.escale-location-voiture.com\/en\/wp-json\/wp\/v2\/pages\/3138","targetHints":{"allow":["GET"]}}],"collection":[{"href":"https:\/\/www.escale-location-voiture.com\/en\/wp-json\/wp\/v2\/pages"}],"about":[{"href":"https:\/\/www.escale-location-voiture.com\/en\/wp-json\/wp\/v2\/types\/page"}],"author":[{"embeddable":true,"href":"https:\/\/www.escale-location-voiture.com\/en\/wp-json\/wp\/v2\/users\/1"}],"replies":[{"embeddable":true,"href":"https:\/\/www.escale-location-voiture.com\/en\/wp-json\/wp\/v2\/comments?post=3138"}],"version-history":[{"count":7,"href":"https:\/\/www.escale-location-voiture.com\/en\/wp-json\/wp\/v2\/pages\/3138\/revisions"}],"predecessor-version":[{"id":3907,"href":"https:\/\/www.escale-location-voiture.com\/en\/wp-json\/wp\/v2\/pages\/3138\/revisions\/3907"}],"wp:featuredmedia":[{"embeddable":true,"href":"https:\/\/www.escale-location-voiture.com\/en\/wp-json\/wp\/v2\/media\/2278"}],"wp:attachment":[{"href":"https:\/\/www.escale-location-voiture.com\/en\/wp-json\/wp\/v2\/media?parent=3138"}],"curies":[{"name":"wp","href":"https:\/\/api.w.org\/{rel}","templated":true}]}}