{"id":2406,"date":"2023-01-25T22:39:31","date_gmt":"2023-01-25T22:39:31","guid":{"rendered":"https:\/\/www.automax-location.com\/?page_id=2406"},"modified":"2023-03-01T16:40:42","modified_gmt":"2023-03-01T16:40:42","slug":"faq","status":"publish","type":"page","link":"https:\/\/www.escale-location-voiture.com\/en\/faq\/","title":{"rendered":"FAQ"},"content":{"rendered":"<div data-elementor-type=\"wp-page\" data-elementor-id=\"2406\" class=\"elementor elementor-2406\" data-elementor-post-type=\"page\">\n\t\t\t\t\t\t<div class=\"elementor-inner\">\n\t\t\t\t<div class=\"elementor-section-wrap\">\n\t\t\t\t\t\t\t\t\t<section class=\"elementor-section elementor-top-section elementor-element elementor-element-fcefb82 elementor-section-boxed elementor-section-height-default elementor-section-height-default\" data-id=\"fcefb82\" data-element_type=\"section\">\n\t\t\t\t\t\t<div class=\"elementor-container elementor-column-gap-default\">\n\t\t\t\t\t\t\t<div class=\"elementor-row\">\n\t\t\t\t\t<div class=\"elementor-column elementor-col-100 elementor-top-column elementor-element elementor-element-4fa7c3a\" data-id=\"4fa7c3a\" data-element_type=\"column\">\n\t\t\t<div class=\"elementor-column-wrap elementor-element-populated\">\n\t\t\t\t\t\t\t<div class=\"elementor-widget-wrap\">\n\t\t\t\t\t\t<div class=\"elementor-element elementor-element-5319058 elementor-widget elementor-widget-accordion\" data-id=\"5319058\" data-element_type=\"widget\" data-widget_type=\"accordion.default\">\n\t\t\t\t<div class=\"elementor-widget-container\">\n\t\t\t<style>\/*! elementor - v3.18.0 - 20-12-2023 *\/\n.elementor-accordion{text-align:left}.elementor-accordion .elementor-accordion-item{border:1px solid #d5d8dc}.elementor-accordion .elementor-accordion-item+.elementor-accordion-item{border-top:none}.elementor-accordion .elementor-tab-title{margin:0;padding:15px 20px;font-weight:700;line-height:1;cursor:pointer;outline:none}.elementor-accordion .elementor-tab-title .elementor-accordion-icon{display:inline-block;width:1.5em}.elementor-accordion .elementor-tab-title .elementor-accordion-icon svg{width:1em;height:1em}.elementor-accordion .elementor-tab-title .elementor-accordion-icon.elementor-accordion-icon-right{float:right;text-align:right}.elementor-accordion .elementor-tab-title .elementor-accordion-icon.elementor-accordion-icon-left{float:left;text-align:left}.elementor-accordion .elementor-tab-title .elementor-accordion-icon .elementor-accordion-icon-closed{display:block}.elementor-accordion .elementor-tab-title .elementor-accordion-icon .elementor-accordion-icon-opened,.elementor-accordion .elementor-tab-title.elementor-active .elementor-accordion-icon-closed{display:none}.elementor-accordion .elementor-tab-title.elementor-active .elementor-accordion-icon-opened{display:block}.elementor-accordion .elementor-tab-content{display:none;padding:15px 20px;border-top:1px solid #d5d8dc}@media (max-width:767px){.elementor-accordion .elementor-tab-title{padding:12px 15px}.elementor-accordion .elementor-tab-title .elementor-accordion-icon{width:1.2em}.elementor-accordion .elementor-tab-content{padding:7px 15px}}.e-con-inner>.elementor-widget-accordion,.e-con>.elementor-widget-accordion{width:var(--container-widget-width);--flex-grow:var(--container-widget-flex-grow)}<\/style>\t\t<div class=\"elementor-accordion\">\n\t\t\t\t\t\t\t<div class=\"elementor-accordion-item\">\n\t\t\t\t\t<div id=\"elementor-tab-title-8711\" class=\"elementor-tab-title\" data-tab=\"1\" role=\"button\" aria-controls=\"elementor-tab-content-8711\" aria-expanded=\"false\">\n\t\t\t\t\t\t\t\t\t\t\t\t\t<span class=\"elementor-accordion-icon elementor-accordion-icon-left\" aria-hidden=\"true\">\n\t\t\t\t\t\t\t\t\t\t\t\t\t\t\t<span class=\"elementor-accordion-icon-closed\"><i class=\"fas fa-plus\"><\/i><\/span>\n\t\t\t\t\t\t\t\t<span class=\"elementor-accordion-icon-opened\"><i class=\"fas fa-minus\"><\/i><\/span>\n\t\t\t\t\t\t\t\t\t\t\t\t\t\t<\/span>\n\t\t\t\t\t\t\t\t\t\t\t\t<a class=\"elementor-accordion-title\" tabindex=\"0\">How will I know you at the airport?<\/a>\n\t\t\t\t\t<\/div>\n\t\t\t\t\t<div id=\"elementor-tab-content-8711\" class=\"elementor-tab-content elementor-clearfix\" data-tab=\"1\" role=\"region\" aria-labelledby=\"elementor-tab-title-8711\"><p>We will be<strong> at the exit of the airport<\/strong> with a sign <strong>inscribed your name<\/strong> Sometimes we have several arrivals on the same flight.<\/p><p>Don't panic! We <strong>let's escort the customers<\/strong> to their car.<\/p><p><strong>On site<\/strong> you can join us at any time at +590 690 64 80 75<\/p><div>\u00a0<\/div><\/div>\n\t\t\t\t<\/div>\n\t\t\t\t\t\t\t<div class=\"elementor-accordion-item\">\n\t\t\t\t\t<div id=\"elementor-tab-title-8712\" class=\"elementor-tab-title\" data-tab=\"2\" role=\"button\" aria-controls=\"elementor-tab-content-8712\" aria-expanded=\"false\">\n\t\t\t\t\t\t\t\t\t\t\t\t\t<span class=\"elementor-accordion-icon elementor-accordion-icon-left\" aria-hidden=\"true\">\n\t\t\t\t\t\t\t\t\t\t\t\t\t\t\t<span class=\"elementor-accordion-icon-closed\"><i class=\"fas fa-plus\"><\/i><\/span>\n\t\t\t\t\t\t\t\t<span class=\"elementor-accordion-icon-opened\"><i class=\"fas fa-minus\"><\/i><\/span>\n\t\t\t\t\t\t\t\t\t\t\t\t\t\t<\/span>\n\t\t\t\t\t\t\t\t\t\t\t\t<a class=\"elementor-accordion-title\" tabindex=\"0\">Do you deliver all over the island?<\/a>\n\t\t\t\t\t<\/div>\n\t\t\t\t\t<div id=\"elementor-tab-content-8712\" class=\"elementor-tab-content elementor-clearfix\" data-tab=\"2\" role=\"region\" aria-labelledby=\"elementor-tab-title-8712\"><p>Yes, we deliver vehicles to hotels, airports, Port of Marigot, Port of Phililpsburg etc...<\/p><\/div>\n\t\t\t\t<\/div>\n\t\t\t\t\t\t\t<div class=\"elementor-accordion-item\">\n\t\t\t\t\t<div id=\"elementor-tab-title-8713\" class=\"elementor-tab-title\" data-tab=\"3\" role=\"button\" aria-controls=\"elementor-tab-content-8713\" aria-expanded=\"false\">\n\t\t\t\t\t\t\t\t\t\t\t\t\t<span class=\"elementor-accordion-icon elementor-accordion-icon-left\" aria-hidden=\"true\">\n\t\t\t\t\t\t\t\t\t\t\t\t\t\t\t<span class=\"elementor-accordion-icon-closed\"><i class=\"fas fa-plus\"><\/i><\/span>\n\t\t\t\t\t\t\t\t<span class=\"elementor-accordion-icon-opened\"><i class=\"fas fa-minus\"><\/i><\/span>\n\t\t\t\t\t\t\t\t\t\t\t\t\t\t<\/span>\n\t\t\t\t\t\t\t\t\t\t\t\t<a class=\"elementor-accordion-title\" tabindex=\"0\">Can we add a 2nd driver without extra charge?<\/a>\n\t\t\t\t\t<\/div>\n\t\t\t\t\t<div id=\"elementor-tab-content-8713\" class=\"elementor-tab-content elementor-clearfix\" data-tab=\"3\" role=\"region\" aria-labelledby=\"elementor-tab-title-8713\"><p>Chez Escale nous voulons la meilleure exp\u00e9rience et confort pour vos vacances. C'est pourquoi nous vous offrons l'option deuxi\u00e8me conducteur<\/p><\/div>\n\t\t\t\t<\/div>\n\t\t\t\t\t\t\t<div class=\"elementor-accordion-item\">\n\t\t\t\t\t<div id=\"elementor-tab-title-8714\" class=\"elementor-tab-title\" data-tab=\"4\" role=\"button\" aria-controls=\"elementor-tab-content-8714\" aria-expanded=\"false\">\n\t\t\t\t\t\t\t\t\t\t\t\t\t<span class=\"elementor-accordion-icon elementor-accordion-icon-left\" aria-hidden=\"true\">\n\t\t\t\t\t\t\t\t\t\t\t\t\t\t\t<span class=\"elementor-accordion-icon-closed\"><i class=\"fas fa-plus\"><\/i><\/span>\n\t\t\t\t\t\t\t\t<span class=\"elementor-accordion-icon-opened\"><i class=\"fas fa-minus\"><\/i><\/span>\n\t\t\t\t\t\t\t\t\t\t\t\t\t\t<\/span>\n\t\t\t\t\t\t\t\t\t\t\t\t<a class=\"elementor-accordion-title\" tabindex=\"0\">Can you provide a car seat?<\/a>\n\t\t\t\t\t<\/div>\n\t\t\t\t\t<div id=\"elementor-tab-content-8714\" class=\"elementor-tab-content elementor-clearfix\" data-tab=\"4\" role=\"region\" aria-labelledby=\"elementor-tab-title-8714\"><p>Absolutely, we will provide you with car seats for your baby until the age of 4<\/p><\/div>\n\t\t\t\t<\/div>\n\t\t\t\t\t\t\t<div class=\"elementor-accordion-item\">\n\t\t\t\t\t<div id=\"elementor-tab-title-8715\" class=\"elementor-tab-title\" data-tab=\"5\" role=\"button\" aria-controls=\"elementor-tab-content-8715\" aria-expanded=\"false\">\n\t\t\t\t\t\t\t\t\t\t\t\t\t<span class=\"elementor-accordion-icon elementor-accordion-icon-left\" aria-hidden=\"true\">\n\t\t\t\t\t\t\t\t\t\t\t\t\t\t\t<span class=\"elementor-accordion-icon-closed\"><i class=\"fas fa-plus\"><\/i><\/span>\n\t\t\t\t\t\t\t\t<span class=\"elementor-accordion-icon-opened\"><i class=\"fas fa-minus\"><\/i><\/span>\n\t\t\t\t\t\t\t\t\t\t\t\t\t\t<\/span>\n\t\t\t\t\t\t\t\t\t\t\t\t<a class=\"elementor-accordion-title\" tabindex=\"0\"> Are your cars fully insured?<\/a>\n\t\t\t\t\t<\/div>\n\t\t\t\t\t<div id=\"elementor-tab-content-8715\" class=\"elementor-tab-content elementor-clearfix\" data-tab=\"5\" role=\"region\" aria-labelledby=\"elementor-tab-title-8715\"><p>Yes,\u00a0<strong>all our cars<\/strong>\u00a0are\u00a0<strong>fully insured<\/strong>with a deductible of 1300\u20ac. However, you have an option to get Z\u00e9ro deductible.<\/p><p>\u00a0Option 1 - 8\u20ac\/Day to Reduce Deductible to 800\u20ac<\/p><p>Option 2- 15\u20ac\/Day to reduce the Deductible to 300\u20ac.<\/p><p>Add 20\u20ac\/Day for 0\u20ac deductible<\/p><\/div>\n\t\t\t\t<\/div>\n\t\t\t\t\t\t\t\t<\/div>\n\t\t\t\t<\/div>\n\t\t\t\t<\/div>\n\t\t\t\t\t\t<\/div>\n\t\t\t\t\t<\/div>\n\t\t<\/div>\n\t\t\t\t\t\t\t\t<\/div>\n\t\t\t\t\t<\/div>\n\t\t<\/section>\n\t\t\t\t\t\t\t\t\t<\/div>\n\t\t\t<\/div>\n\t\t\t\t\t<\/div>","protected":false},"excerpt":{"rendered":"<p>Comment vais-je vous reconna\u00eetre \u00e0 l'a\u00e9roport? Nous serons \u00e0 la sortie de l&#8217;a\u00e9roport avec une pancarte inscrit votre nom dessus. Parfois nous avons plusieurs arriv\u00e9es sur le m\u00eame vol. Pas de panique! Nous raccompagnons les clients au fur et \u00e0 mesure \u00e0 leur voiture. Sur place vous pourrez nous joindre \u00e0 tout moment au +590 &hellip; <\/p>\n<p class=\"link-more\"><a href=\"https:\/\/www.escale-location-voiture.com\/en\/faq\/\" class=\"more-link\"><span class=\"screen-reader-text\"> prova \"FAQ\"<\/span><\/a><\/p>","protected":false},"author":1,"featured_media":0,"parent":0,"menu_order":0,"comment_status":"closed","ping_status":"closed","template":"","meta":{"footnotes":""},"class_list":["post-2406","page","type-page","status-publish","hentry"],"yoast_head":"<!-- This site is optimized with the Yoast SEO plugin v22.6 - https:\/\/yoast.com\/wordpress\/plugins\/seo\/ -->\n<title>FAQ - location de voiture \u00e0 Saint Martin<\/title>\n<meta name=\"robots\" content=\"index, follow, max-snippet:-1, max-image-preview:large, max-video-preview:-1\" \/>\n<link rel=\"canonical\" href=\"https:\/\/www.escale-location-voiture.com\/en\/faq\/\" \/>\n<meta property=\"og:locale\" content=\"en_US\" \/>\n<meta property=\"og:type\" content=\"article\" \/>\n<meta property=\"og:title\" content=\"FAQ - location de voiture \u00e0 Saint Martin\" \/>\n<meta property=\"og:description\" content=\"Comment vais-je vous reconna\u00eetre \u00e0 l&#039;a\u00e9roport? Nous serons \u00e0 la sortie de l&#8217;a\u00e9roport avec une pancarte inscrit votre nom dessus. Parfois nous avons plusieurs arriv\u00e9es sur le m\u00eame vol. Pas de panique! Nous raccompagnons les clients au fur et \u00e0 mesure \u00e0 leur voiture. Sur place vous pourrez nous joindre \u00e0 tout moment au +590 &hellip; prova &quot;FAQ&quot;\" \/>\n<meta property=\"og:url\" content=\"https:\/\/www.escale-location-voiture.com\/en\/faq\/\" \/>\n<meta property=\"og:site_name\" content=\"location de voiture \u00e0 Saint Martin\" \/>\n<meta property=\"article:modified_time\" content=\"2023-03-01T16:40:42+00:00\" \/>\n<meta name=\"twitter:card\" content=\"summary_large_image\" \/>\n<meta name=\"twitter:label1\" content=\"Est. reading time\" \/>\n\t<meta name=\"twitter:data1\" content=\"1 minute\" \/>\n<script type=\"application\/ld+json\" class=\"yoast-schema-graph\">{\"@context\":\"https:\/\/schema.org\",\"@graph\":[{\"@type\":\"WebPage\",\"@id\":\"https:\/\/www.escale-location-voiture.com\/faq\/\",\"url\":\"https:\/\/www.escale-location-voiture.com\/faq\/\",\"name\":\"FAQ - location de voiture \u00e0 Saint Martin\",\"isPartOf\":{\"@id\":\"https:\/\/www.escale-location-voiture.com\/#website\"},\"datePublished\":\"2023-01-25T22:39:31+00:00\",\"dateModified\":\"2023-03-01T16:40:42+00:00\",\"breadcrumb\":{\"@id\":\"https:\/\/www.escale-location-voiture.com\/faq\/#breadcrumb\"},\"inLanguage\":\"en-US\",\"potentialAction\":[{\"@type\":\"ReadAction\",\"target\":[\"https:\/\/www.escale-location-voiture.com\/faq\/\"]}]},{\"@type\":\"BreadcrumbList\",\"@id\":\"https:\/\/www.escale-location-voiture.com\/faq\/#breadcrumb\",\"itemListElement\":[{\"@type\":\"ListItem\",\"position\":1,\"name\":\"Accueil\",\"item\":\"https:\/\/www.escale-location-voiture.com\/\"},{\"@type\":\"ListItem\",\"position\":2,\"name\":\"FAQ\"}]},{\"@type\":\"WebSite\",\"@id\":\"https:\/\/www.escale-location-voiture.com\/#website\",\"url\":\"https:\/\/www.escale-location-voiture.com\/\",\"name\":\"location de voiture \u00e0 Saint Martin\",\"description\":\"ESCALE LOCATION\",\"potentialAction\":[{\"@type\":\"SearchAction\",\"target\":{\"@type\":\"EntryPoint\",\"urlTemplate\":\"https:\/\/www.escale-location-voiture.com\/?s={search_term_string}\"},\"query-input\":\"required name=search_term_string\"}],\"inLanguage\":\"en-US\"}]}<\/script>\n<!-- \/ Yoast SEO plugin. -->","yoast_head_json":{"title":"FAQ - location de voiture \u00e0 Saint Martin","robots":{"index":"index","follow":"follow","max-snippet":"max-snippet:-1","max-image-preview":"max-image-preview:large","max-video-preview":"max-video-preview:-1"},"canonical":"https:\/\/www.escale-location-voiture.com\/en\/faq\/","og_locale":"en_US","og_type":"article","og_title":"FAQ - location de voiture \u00e0 Saint Martin","og_description":"Comment vais-je vous reconna\u00eetre \u00e0 l'a\u00e9roport? Nous serons \u00e0 la sortie de l&#8217;a\u00e9roport avec une pancarte inscrit votre nom dessus. Parfois nous avons plusieurs arriv\u00e9es sur le m\u00eame vol. Pas de panique! Nous raccompagnons les clients au fur et \u00e0 mesure \u00e0 leur voiture. Sur place vous pourrez nous joindre \u00e0 tout moment au +590 &hellip; prova \"FAQ\"","og_url":"https:\/\/www.escale-location-voiture.com\/en\/faq\/","og_site_name":"location de voiture \u00e0 Saint Martin","article_modified_time":"2023-03-01T16:40:42+00:00","twitter_card":"summary_large_image","twitter_misc":{"Est. reading time":"1 minute"},"schema":{"@context":"https:\/\/schema.org","@graph":[{"@type":"WebPage","@id":"https:\/\/www.escale-location-voiture.com\/faq\/","url":"https:\/\/www.escale-location-voiture.com\/faq\/","name":"FAQ - location de voiture \u00e0 Saint Martin","isPartOf":{"@id":"https:\/\/www.escale-location-voiture.com\/#website"},"datePublished":"2023-01-25T22:39:31+00:00","dateModified":"2023-03-01T16:40:42+00:00","breadcrumb":{"@id":"https:\/\/www.escale-location-voiture.com\/faq\/#breadcrumb"},"inLanguage":"en-US","potentialAction":[{"@type":"ReadAction","target":["https:\/\/www.escale-location-voiture.com\/faq\/"]}]},{"@type":"BreadcrumbList","@id":"https:\/\/www.escale-location-voiture.com\/faq\/#breadcrumb","itemListElement":[{"@type":"ListItem","position":1,"name":"Accueil","item":"https:\/\/www.escale-location-voiture.com\/"},{"@type":"ListItem","position":2,"name":"FAQ"}]},{"@type":"WebSite","@id":"https:\/\/www.escale-location-voiture.com\/#website","url":"https:\/\/www.escale-location-voiture.com\/","name":"location de voiture \u00e0 Saint Martin","description":"ESCALE LOCATION","potentialAction":[{"@type":"SearchAction","target":{"@type":"EntryPoint","urlTemplate":"https:\/\/www.escale-location-voiture.com\/?s={search_term_string}"},"query-input":"required name=search_term_string"}],"inLanguage":"en-US"}]}},"_links":{"self":[{"href":"https:\/\/www.escale-location-voiture.com\/en\/wp-json\/wp\/v2\/pages\/2406","targetHints":{"allow":["GET"]}}],"collection":[{"href":"https:\/\/www.escale-location-voiture.com\/en\/wp-json\/wp\/v2\/pages"}],"about":[{"href":"https:\/\/www.escale-location-voiture.com\/en\/wp-json\/wp\/v2\/types\/page"}],"author":[{"embeddable":true,"href":"https:\/\/www.escale-location-voiture.com\/en\/wp-json\/wp\/v2\/users\/1"}],"replies":[{"embeddable":true,"href":"https:\/\/www.escale-location-voiture.com\/en\/wp-json\/wp\/v2\/comments?post=2406"}],"version-history":[{"count":32,"href":"https:\/\/www.escale-location-voiture.com\/en\/wp-json\/wp\/v2\/pages\/2406\/revisions"}],"predecessor-version":[{"id":3534,"href":"https:\/\/www.escale-location-voiture.com\/en\/wp-json\/wp\/v2\/pages\/2406\/revisions\/3534"}],"wp:attachment":[{"href":"https:\/\/www.escale-location-voiture.com\/en\/wp-json\/wp\/v2\/media?parent=2406"}],"curies":[{"name":"wp","href":"https:\/\/api.w.org\/{rel}","templated":true}]}}